{"id":3549,"date":"2021-08-19T12:02:39","date_gmt":"2021-08-19T12:02:39","guid":{"rendered":"http:\/\/imperialdetailing.lv\/?post_type=product&#038;p=3549"},"modified":"2023-10-30T13:37:06","modified_gmt":"2023-10-30T13:37:06","slug":"tekstil-armor","status":"publish","type":"product","link":"https:\/\/imperialdetailing.lv\/en\/product\/tekstil-armor\/","title":{"rendered":"Textil Armor"},"content":{"rendered":"<div class=\"_3cRjW\" data-hook=\"content-wrapper\">\n<p><strong>How to use:<\/strong> Spray the product on a dry textile and wait until it is absorbed into the fibers of the fabric and dries. The effect of the product remains up to 5 washing cycles.<\/p>\n<\/div>","protected":false},"excerpt":{"rendered":"<p class=\"_28cEs _30O0l\" data-hook=\"description\">Textile protective coating. Tekstil Armor is a fabric protective coating that penetrates deep into the fiber structure and strengthens them, creating a thin protective layer that repels water, greasy substances and dirt. This greatly facilitates subsequent cleaning. Active silver particles are added to the product, which guarantees additional sanitary protection of fabrics by preventing microbiological colonization. The product can be processed with different types of fabrics (natural, synthetic and mixed). The product has excellent durability and strong self-cleaning properties.<\/p>","protected":false},"featured_media":3550,"comment_status":"open","ping_status":"closed","template":"","meta":[],"product_cat":[95],"product_tag":[],"acf":[],"yoast_head":"<!-- This site is optimized with the Yoast SEO plugin v19.13 - https:\/\/yoast.com\/wordpress\/plugins\/seo\/ -->\n<title>Tekstila aizsargp\u0101rkl\u0101jums - Imperial Detailing<\/title>\n<meta name=\"description\" content=\"Tekstil Armor ir auduma aizsargp\u0101rkl\u0101jums, kas dzi\u013ci ies\u016bcas \u0161\u0137iedru strukt\u016br\u0101 un nostiprina t\u0101s, izveidojot pl\u0101nu aizsargk\u0101rtu kas atgr\u016b\u017e \u016bdeni, taukainas vielas un net\u012brumus. Tas iev\u0113rojami atvieglo turpm\u0101ko t\u012br\u012b\u0161anu.\" \/>\n<meta name=\"robots\" content=\"index, follow, max-snippet:-1, max-image-preview:large, max-video-preview:-1\" \/>\n<link rel=\"canonical\" href=\"https:\/\/imperialdetailing.lv\/en\/product\/tekstil-armor\/\" \/>\n<meta property=\"og:locale\" content=\"en_US\" \/>\n<meta property=\"og:type\" content=\"article\" \/>\n<meta property=\"og:title\" content=\"Tekstila aizsargp\u0101rkl\u0101jums - Imperial Detailing\" \/>\n<meta property=\"og:description\" content=\"Tekstil Armor ir auduma aizsargp\u0101rkl\u0101jums, kas dzi\u013ci ies\u016bcas \u0161\u0137iedru strukt\u016br\u0101 un nostiprina t\u0101s, izveidojot pl\u0101nu aizsargk\u0101rtu kas atgr\u016b\u017e \u016bdeni, taukainas vielas un net\u012brumus. Tas iev\u0113rojami atvieglo turpm\u0101ko t\u012br\u012b\u0161anu.\" \/>\n<meta property=\"og:url\" content=\"https:\/\/imperialdetailing.lv\/en\/product\/tekstil-armor\/\" \/>\n<meta property=\"og:site_name\" content=\"Imperial Detailing\" \/>\n<meta property=\"article:publisher\" content=\"https:\/\/www.facebook.com\/imperialdetailing.lv\" \/>\n<meta property=\"article:modified_time\" content=\"2023-10-30T13:37:06+00:00\" \/>\n<meta property=\"og:image\" content=\"https:\/\/imperialdetailing.lv\/wp-content\/uploads\/2021\/08\/Tekstil-Armor.webp\" \/>\n\t<meta property=\"og:image:width\" content=\"592\" \/>\n\t<meta property=\"og:image:height\" content=\"592\" \/>\n\t<meta property=\"og:image:type\" content=\"image\/webp\" \/>\n<meta name=\"twitter:card\" content=\"summary_large_image\" \/>\n<meta name=\"twitter:label1\" content=\"Est. reading time\" \/>\n\t<meta name=\"twitter:data1\" content=\"1 minute\" \/>\n<script type=\"application\/ld+json\" class=\"yoast-schema-graph\">{\"@context\":\"https:\/\/schema.org\",\"@graph\":[{\"@type\":\"WebPage\",\"@id\":\"https:\/\/imperialdetailing.lv\/product\/tekstil-armor\/\",\"url\":\"https:\/\/imperialdetailing.lv\/product\/tekstil-armor\/\",\"name\":\"Tekstila aizsargp\u0101rkl\u0101jums - Imperial Detailing\",\"isPartOf\":{\"@id\":\"https:\/\/imperialdetailing.lv\/#website\"},\"datePublished\":\"2021-08-19T12:02:39+00:00\",\"dateModified\":\"2023-10-30T13:37:06+00:00\",\"description\":\"Tekstil Armor ir auduma aizsargp\u0101rkl\u0101jums, kas dzi\u013ci ies\u016bcas \u0161\u0137iedru strukt\u016br\u0101 un nostiprina t\u0101s, izveidojot pl\u0101nu aizsargk\u0101rtu kas atgr\u016b\u017e \u016bdeni, taukainas vielas un net\u012brumus. Tas iev\u0113rojami atvieglo turpm\u0101ko t\u012br\u012b\u0161anu.\",\"breadcrumb\":{\"@id\":\"https:\/\/imperialdetailing.lv\/product\/tekstil-armor\/#breadcrumb\"},\"inLanguage\":\"en-US\",\"potentialAction\":[{\"@type\":\"ReadAction\",\"target\":[\"https:\/\/imperialdetailing.lv\/product\/tekstil-armor\/\"]}]},{\"@type\":\"BreadcrumbList\",\"@id\":\"https:\/\/imperialdetailing.lv\/product\/tekstil-armor\/#breadcrumb\",\"itemListElement\":[{\"@type\":\"ListItem\",\"position\":1,\"name\":\"Home\",\"item\":\"https:\/\/imperialdetailing.lv\/\"},{\"@type\":\"ListItem\",\"position\":2,\"name\":\"Veikals\",\"item\":\"https:\/\/imperialdetailing.lv\/veikals\/\"},{\"@type\":\"ListItem\",\"position\":3,\"name\":\"Tekstila aizsargp\u0101rkl\u0101jums\"}]},{\"@type\":\"WebSite\",\"@id\":\"https:\/\/imperialdetailing.lv\/#website\",\"url\":\"https:\/\/imperialdetailing.lv\/\",\"name\":\"Imperial Detailing\",\"description\":\"PREMIUM QUALITY CAR CLEANING PRODUCTS\",\"publisher\":{\"@id\":\"https:\/\/imperialdetailing.lv\/#organization\"},\"potentialAction\":[{\"@type\":\"SearchAction\",\"target\":{\"@type\":\"EntryPoint\",\"urlTemplate\":\"https:\/\/imperialdetailing.lv\/?s={search_term_string}\"},\"query-input\":\"required name=search_term_string\"}],\"inLanguage\":\"en-US\"},{\"@type\":\"Organization\",\"@id\":\"https:\/\/imperialdetailing.lv\/#organization\",\"name\":\"imperialdetailing.lv\",\"url\":\"https:\/\/imperialdetailing.lv\/\",\"logo\":{\"@type\":\"ImageObject\",\"inLanguage\":\"en-US\",\"@id\":\"https:\/\/imperialdetailing.lv\/#\/schema\/logo\/image\/\",\"url\":\"https:\/\/imperialdetailing.lv\/wp-content\/uploads\/2021\/08\/Imperial-Detailing-logo1-1-scaled.jpg\",\"contentUrl\":\"https:\/\/imperialdetailing.lv\/wp-content\/uploads\/2021\/08\/Imperial-Detailing-logo1-1-scaled.jpg\",\"width\":2560,\"height\":1028,\"caption\":\"imperialdetailing.lv\"},\"image\":{\"@id\":\"https:\/\/imperialdetailing.lv\/#\/schema\/logo\/image\/\"},\"sameAs\":[\"https:\/\/www.instagram.com\/imperialdetailing_riga\/\",\"https:\/\/www.facebook.com\/imperialdetailing.lv\"]}]}<\/script>\n<!-- \/ Yoast SEO plugin. -->","yoast_head_json":{"title":"Tekstila aizsargp\u0101rkl\u0101jums - Imperial Detailing","description":"Tekstil Armor ir auduma aizsargp\u0101rkl\u0101jums, kas dzi\u013ci ies\u016bcas \u0161\u0137iedru strukt\u016br\u0101 un nostiprina t\u0101s, izveidojot pl\u0101nu aizsargk\u0101rtu kas atgr\u016b\u017e \u016bdeni, taukainas vielas un net\u012brumus. Tas iev\u0113rojami atvieglo turpm\u0101ko t\u012br\u012b\u0161anu.","robots":{"index":"index","follow":"follow","max-snippet":"max-snippet:-1","max-image-preview":"max-image-preview:large","max-video-preview":"max-video-preview:-1"},"canonical":"https:\/\/imperialdetailing.lv\/en\/product\/tekstil-armor\/","og_locale":"en_US","og_type":"article","og_title":"Tekstila aizsargp\u0101rkl\u0101jums - Imperial Detailing","og_description":"Tekstil Armor ir auduma aizsargp\u0101rkl\u0101jums, kas dzi\u013ci ies\u016bcas \u0161\u0137iedru strukt\u016br\u0101 un nostiprina t\u0101s, izveidojot pl\u0101nu aizsargk\u0101rtu kas atgr\u016b\u017e \u016bdeni, taukainas vielas un net\u012brumus. Tas iev\u0113rojami atvieglo turpm\u0101ko t\u012br\u012b\u0161anu.","og_url":"https:\/\/imperialdetailing.lv\/en\/product\/tekstil-armor\/","og_site_name":"Imperial Detailing","article_publisher":"https:\/\/www.facebook.com\/imperialdetailing.lv","article_modified_time":"2023-10-30T13:37:06+00:00","og_image":[{"width":592,"height":592,"url":"https:\/\/imperialdetailing.lv\/wp-content\/uploads\/2021\/08\/Tekstil-Armor.webp","type":"image\/webp"}],"twitter_card":"summary_large_image","twitter_misc":{"Est. reading time":"1 minute"},"schema":{"@context":"https:\/\/schema.org","@graph":[{"@type":"WebPage","@id":"https:\/\/imperialdetailing.lv\/product\/tekstil-armor\/","url":"https:\/\/imperialdetailing.lv\/product\/tekstil-armor\/","name":"Tekstila aizsargp\u0101rkl\u0101jums - Imperial Detailing","isPartOf":{"@id":"https:\/\/imperialdetailing.lv\/#website"},"datePublished":"2021-08-19T12:02:39+00:00","dateModified":"2023-10-30T13:37:06+00:00","description":"Tekstil Armor ir auduma aizsargp\u0101rkl\u0101jums, kas dzi\u013ci ies\u016bcas \u0161\u0137iedru strukt\u016br\u0101 un nostiprina t\u0101s, izveidojot pl\u0101nu aizsargk\u0101rtu kas atgr\u016b\u017e \u016bdeni, taukainas vielas un net\u012brumus. Tas iev\u0113rojami atvieglo turpm\u0101ko t\u012br\u012b\u0161anu.","breadcrumb":{"@id":"https:\/\/imperialdetailing.lv\/product\/tekstil-armor\/#breadcrumb"},"inLanguage":"en-US","potentialAction":[{"@type":"ReadAction","target":["https:\/\/imperialdetailing.lv\/product\/tekstil-armor\/"]}]},{"@type":"BreadcrumbList","@id":"https:\/\/imperialdetailing.lv\/product\/tekstil-armor\/#breadcrumb","itemListElement":[{"@type":"ListItem","position":1,"name":"Home","item":"https:\/\/imperialdetailing.lv\/"},{"@type":"ListItem","position":2,"name":"Veikals","item":"https:\/\/imperialdetailing.lv\/veikals\/"},{"@type":"ListItem","position":3,"name":"Tekstila aizsargp\u0101rkl\u0101jums"}]},{"@type":"WebSite","@id":"https:\/\/imperialdetailing.lv\/#website","url":"https:\/\/imperialdetailing.lv\/","name":"Imperial Detailing","description":"PREMIUM QUALITY CAR CLEANING PRODUCTS","publisher":{"@id":"https:\/\/imperialdetailing.lv\/#organization"},"potentialAction":[{"@type":"SearchAction","target":{"@type":"EntryPoint","urlTemplate":"https:\/\/imperialdetailing.lv\/?s={search_term_string}"},"query-input":"required name=search_term_string"}],"inLanguage":"en-US"},{"@type":"Organization","@id":"https:\/\/imperialdetailing.lv\/#organization","name":"imperialdetailing.lv","url":"https:\/\/imperialdetailing.lv\/","logo":{"@type":"ImageObject","inLanguage":"en-US","@id":"https:\/\/imperialdetailing.lv\/#\/schema\/logo\/image\/","url":"https:\/\/imperialdetailing.lv\/wp-content\/uploads\/2021\/08\/Imperial-Detailing-logo1-1-scaled.jpg","contentUrl":"https:\/\/imperialdetailing.lv\/wp-content\/uploads\/2021\/08\/Imperial-Detailing-logo1-1-scaled.jpg","width":2560,"height":1028,"caption":"imperialdetailing.lv"},"image":{"@id":"https:\/\/imperialdetailing.lv\/#\/schema\/logo\/image\/"},"sameAs":["https:\/\/www.instagram.com\/imperialdetailing_riga\/","https:\/\/www.facebook.com\/imperialdetailing.lv"]}]}},"_links":{"self":[{"href":"https:\/\/imperialdetailing.lv\/en\/wp-json\/wp\/v2\/product\/3549"}],"collection":[{"href":"https:\/\/imperialdetailing.lv\/en\/wp-json\/wp\/v2\/product"}],"about":[{"href":"https:\/\/imperialdetailing.lv\/en\/wp-json\/wp\/v2\/types\/product"}],"replies":[{"embeddable":true,"href":"https:\/\/imperialdetailing.lv\/en\/wp-json\/wp\/v2\/comments?post=3549"}],"wp:featuredmedia":[{"embeddable":true,"href":"https:\/\/imperialdetailing.lv\/en\/wp-json\/wp\/v2\/media\/3550"}],"wp:attachment":[{"href":"https:\/\/imperialdetailing.lv\/en\/wp-json\/wp\/v2\/media?parent=3549"}],"wp:term":[{"taxonomy":"product_cat","embeddable":true,"href":"https:\/\/imperialdetailing.lv\/en\/wp-json\/wp\/v2\/product_cat?post=3549"},{"taxonomy":"product_tag","embeddable":true,"href":"https:\/\/imperialdetailing.lv\/en\/wp-json\/wp\/v2\/product_tag?post=3549"}],"curies":[{"name":"wp","href":"https:\/\/api.w.org\/{rel}","templated":true}]}}