{"id":3555,"date":"2021-08-19T12:08:28","date_gmt":"2021-08-19T12:08:28","guid":{"rendered":"http:\/\/imperialdetailing.lv\/?post_type=product&#038;p=3555"},"modified":"2023-10-30T11:06:17","modified_gmt":"2023-10-30T11:06:17","slug":"nano-clay-lube","status":"publish","type":"product","link":"https:\/\/imperialdetailing.lv\/en\/product\/nano-clay-lube\/","title":{"rendered":"Nano Clay Lube"},"content":{"rendered":"<p class=\"_28cEs _30O0l\" data-hook=\"description\"><strong>How to use:<\/strong> Spray on the surface of the car body and start cleaning with clay. Do not allow the product to dry out during use. Wash off clay residue with water or wipe with a clean, dry microfiber cloth.<\/p>","protected":false},"excerpt":{"rendered":"<p class=\"_28cEs _30O0l\" data-hook=\"description\">Nano clay lubricant. Solvent-free lubricant for detailed surface treatment with clay. The product does not cause degradation of the clay structure and prevents the formation of scratches during operation.<\/p>","protected":false},"featured_media":3556,"comment_status":"open","ping_status":"closed","template":"","meta":[],"product_cat":[96],"product_tag":[],"acf":[],"yoast_head":"<!-- This site is optimized with the Yoast SEO plugin v19.13 - https:\/\/yoast.com\/wordpress\/plugins\/seo\/ -->\n<title>Nano m\u0101la lubrikants - Imperial Detailing<\/title>\n<meta name=\"description\" content=\"\u0160\u0137\u012bdin\u0101t\u0101ju nesaturo\u0161a sm\u0113rviela detaliz\u0113tai virsmas apstr\u0101dei ar m\u0101liem. Produkts neizraisa m\u0101la strukt\u016bras degrad\u0101ciju un nov\u0113r\u0161 skr\u0101p\u0113jumu veido\u0161anos darb\u012bbas laik\u0101.\" \/>\n<meta name=\"robots\" content=\"index, follow, max-snippet:-1, max-image-preview:large, max-video-preview:-1\" \/>\n<link rel=\"canonical\" href=\"https:\/\/imperialdetailing.lv\/en\/product\/nano-clay-lube\/\" \/>\n<meta property=\"og:locale\" content=\"en_US\" \/>\n<meta property=\"og:type\" content=\"article\" \/>\n<meta property=\"og:title\" content=\"Nano m\u0101la lubrikants - Imperial Detailing\" \/>\n<meta property=\"og:description\" content=\"\u0160\u0137\u012bdin\u0101t\u0101ju nesaturo\u0161a sm\u0113rviela detaliz\u0113tai virsmas apstr\u0101dei ar m\u0101liem. Produkts neizraisa m\u0101la strukt\u016bras degrad\u0101ciju un nov\u0113r\u0161 skr\u0101p\u0113jumu veido\u0161anos darb\u012bbas laik\u0101.\" \/>\n<meta property=\"og:url\" content=\"https:\/\/imperialdetailing.lv\/en\/product\/nano-clay-lube\/\" \/>\n<meta property=\"og:site_name\" content=\"Imperial Detailing\" \/>\n<meta property=\"article:publisher\" content=\"https:\/\/www.facebook.com\/imperialdetailing.lv\" \/>\n<meta property=\"article:modified_time\" content=\"2023-10-30T11:06:17+00:00\" \/>\n<meta property=\"og:image\" content=\"https:\/\/imperialdetailing.lv\/wp-content\/uploads\/2021\/08\/Nano-Clay-Lube.webp\" \/>\n\t<meta property=\"og:image:width\" content=\"592\" \/>\n\t<meta property=\"og:image:height\" content=\"592\" \/>\n\t<meta property=\"og:image:type\" content=\"image\/webp\" \/>\n<meta name=\"twitter:card\" content=\"summary_large_image\" \/>\n<meta name=\"twitter:label1\" content=\"Est. reading time\" \/>\n\t<meta name=\"twitter:data1\" content=\"1 minute\" \/>\n<script type=\"application\/ld+json\" class=\"yoast-schema-graph\">{\"@context\":\"https:\/\/schema.org\",\"@graph\":[{\"@type\":\"WebPage\",\"@id\":\"https:\/\/imperialdetailing.lv\/product\/nano-clay-lube\/\",\"url\":\"https:\/\/imperialdetailing.lv\/product\/nano-clay-lube\/\",\"name\":\"Nano m\u0101la lubrikants - Imperial Detailing\",\"isPartOf\":{\"@id\":\"https:\/\/imperialdetailing.lv\/#website\"},\"datePublished\":\"2021-08-19T12:08:28+00:00\",\"dateModified\":\"2023-10-30T11:06:17+00:00\",\"description\":\"\u0160\u0137\u012bdin\u0101t\u0101ju nesaturo\u0161a sm\u0113rviela detaliz\u0113tai virsmas apstr\u0101dei ar m\u0101liem. Produkts neizraisa m\u0101la strukt\u016bras degrad\u0101ciju un nov\u0113r\u0161 skr\u0101p\u0113jumu veido\u0161anos darb\u012bbas laik\u0101.\",\"breadcrumb\":{\"@id\":\"https:\/\/imperialdetailing.lv\/product\/nano-clay-lube\/#breadcrumb\"},\"inLanguage\":\"en-US\",\"potentialAction\":[{\"@type\":\"ReadAction\",\"target\":[\"https:\/\/imperialdetailing.lv\/product\/nano-clay-lube\/\"]}]},{\"@type\":\"BreadcrumbList\",\"@id\":\"https:\/\/imperialdetailing.lv\/product\/nano-clay-lube\/#breadcrumb\",\"itemListElement\":[{\"@type\":\"ListItem\",\"position\":1,\"name\":\"Home\",\"item\":\"https:\/\/imperialdetailing.lv\/\"},{\"@type\":\"ListItem\",\"position\":2,\"name\":\"Veikals\",\"item\":\"https:\/\/imperialdetailing.lv\/veikals\/\"},{\"@type\":\"ListItem\",\"position\":3,\"name\":\"Nano m\u0101la lubrikants\"}]},{\"@type\":\"WebSite\",\"@id\":\"https:\/\/imperialdetailing.lv\/#website\",\"url\":\"https:\/\/imperialdetailing.lv\/\",\"name\":\"Imperial Detailing\",\"description\":\"PREMIUM QUALITY CAR CLEANING PRODUCTS\",\"publisher\":{\"@id\":\"https:\/\/imperialdetailing.lv\/#organization\"},\"potentialAction\":[{\"@type\":\"SearchAction\",\"target\":{\"@type\":\"EntryPoint\",\"urlTemplate\":\"https:\/\/imperialdetailing.lv\/?s={search_term_string}\"},\"query-input\":\"required name=search_term_string\"}],\"inLanguage\":\"en-US\"},{\"@type\":\"Organization\",\"@id\":\"https:\/\/imperialdetailing.lv\/#organization\",\"name\":\"imperialdetailing.lv\",\"url\":\"https:\/\/imperialdetailing.lv\/\",\"logo\":{\"@type\":\"ImageObject\",\"inLanguage\":\"en-US\",\"@id\":\"https:\/\/imperialdetailing.lv\/#\/schema\/logo\/image\/\",\"url\":\"https:\/\/imperialdetailing.lv\/wp-content\/uploads\/2021\/08\/Imperial-Detailing-logo1-1-scaled.jpg\",\"contentUrl\":\"https:\/\/imperialdetailing.lv\/wp-content\/uploads\/2021\/08\/Imperial-Detailing-logo1-1-scaled.jpg\",\"width\":2560,\"height\":1028,\"caption\":\"imperialdetailing.lv\"},\"image\":{\"@id\":\"https:\/\/imperialdetailing.lv\/#\/schema\/logo\/image\/\"},\"sameAs\":[\"https:\/\/www.instagram.com\/imperialdetailing_riga\/\",\"https:\/\/www.facebook.com\/imperialdetailing.lv\"]}]}<\/script>\n<!-- \/ Yoast SEO plugin. -->","yoast_head_json":{"title":"Nano m\u0101la lubrikants - Imperial Detailing","description":"\u0160\u0137\u012bdin\u0101t\u0101ju nesaturo\u0161a sm\u0113rviela detaliz\u0113tai virsmas apstr\u0101dei ar m\u0101liem. Produkts neizraisa m\u0101la strukt\u016bras degrad\u0101ciju un nov\u0113r\u0161 skr\u0101p\u0113jumu veido\u0161anos darb\u012bbas laik\u0101.","robots":{"index":"index","follow":"follow","max-snippet":"max-snippet:-1","max-image-preview":"max-image-preview:large","max-video-preview":"max-video-preview:-1"},"canonical":"https:\/\/imperialdetailing.lv\/en\/product\/nano-clay-lube\/","og_locale":"en_US","og_type":"article","og_title":"Nano m\u0101la lubrikants - Imperial Detailing","og_description":"\u0160\u0137\u012bdin\u0101t\u0101ju nesaturo\u0161a sm\u0113rviela detaliz\u0113tai virsmas apstr\u0101dei ar m\u0101liem. Produkts neizraisa m\u0101la strukt\u016bras degrad\u0101ciju un nov\u0113r\u0161 skr\u0101p\u0113jumu veido\u0161anos darb\u012bbas laik\u0101.","og_url":"https:\/\/imperialdetailing.lv\/en\/product\/nano-clay-lube\/","og_site_name":"Imperial Detailing","article_publisher":"https:\/\/www.facebook.com\/imperialdetailing.lv","article_modified_time":"2023-10-30T11:06:17+00:00","og_image":[{"width":592,"height":592,"url":"https:\/\/imperialdetailing.lv\/wp-content\/uploads\/2021\/08\/Nano-Clay-Lube.webp","type":"image\/webp"}],"twitter_card":"summary_large_image","twitter_misc":{"Est. reading time":"1 minute"},"schema":{"@context":"https:\/\/schema.org","@graph":[{"@type":"WebPage","@id":"https:\/\/imperialdetailing.lv\/product\/nano-clay-lube\/","url":"https:\/\/imperialdetailing.lv\/product\/nano-clay-lube\/","name":"Nano m\u0101la lubrikants - Imperial Detailing","isPartOf":{"@id":"https:\/\/imperialdetailing.lv\/#website"},"datePublished":"2021-08-19T12:08:28+00:00","dateModified":"2023-10-30T11:06:17+00:00","description":"\u0160\u0137\u012bdin\u0101t\u0101ju nesaturo\u0161a sm\u0113rviela detaliz\u0113tai virsmas apstr\u0101dei ar m\u0101liem. Produkts neizraisa m\u0101la strukt\u016bras degrad\u0101ciju un nov\u0113r\u0161 skr\u0101p\u0113jumu veido\u0161anos darb\u012bbas laik\u0101.","breadcrumb":{"@id":"https:\/\/imperialdetailing.lv\/product\/nano-clay-lube\/#breadcrumb"},"inLanguage":"en-US","potentialAction":[{"@type":"ReadAction","target":["https:\/\/imperialdetailing.lv\/product\/nano-clay-lube\/"]}]},{"@type":"BreadcrumbList","@id":"https:\/\/imperialdetailing.lv\/product\/nano-clay-lube\/#breadcrumb","itemListElement":[{"@type":"ListItem","position":1,"name":"Home","item":"https:\/\/imperialdetailing.lv\/"},{"@type":"ListItem","position":2,"name":"Veikals","item":"https:\/\/imperialdetailing.lv\/veikals\/"},{"@type":"ListItem","position":3,"name":"Nano m\u0101la lubrikants"}]},{"@type":"WebSite","@id":"https:\/\/imperialdetailing.lv\/#website","url":"https:\/\/imperialdetailing.lv\/","name":"Imperial Detailing","description":"PREMIUM QUALITY CAR CLEANING PRODUCTS","publisher":{"@id":"https:\/\/imperialdetailing.lv\/#organization"},"potentialAction":[{"@type":"SearchAction","target":{"@type":"EntryPoint","urlTemplate":"https:\/\/imperialdetailing.lv\/?s={search_term_string}"},"query-input":"required name=search_term_string"}],"inLanguage":"en-US"},{"@type":"Organization","@id":"https:\/\/imperialdetailing.lv\/#organization","name":"imperialdetailing.lv","url":"https:\/\/imperialdetailing.lv\/","logo":{"@type":"ImageObject","inLanguage":"en-US","@id":"https:\/\/imperialdetailing.lv\/#\/schema\/logo\/image\/","url":"https:\/\/imperialdetailing.lv\/wp-content\/uploads\/2021\/08\/Imperial-Detailing-logo1-1-scaled.jpg","contentUrl":"https:\/\/imperialdetailing.lv\/wp-content\/uploads\/2021\/08\/Imperial-Detailing-logo1-1-scaled.jpg","width":2560,"height":1028,"caption":"imperialdetailing.lv"},"image":{"@id":"https:\/\/imperialdetailing.lv\/#\/schema\/logo\/image\/"},"sameAs":["https:\/\/www.instagram.com\/imperialdetailing_riga\/","https:\/\/www.facebook.com\/imperialdetailing.lv"]}]}},"_links":{"self":[{"href":"https:\/\/imperialdetailing.lv\/en\/wp-json\/wp\/v2\/product\/3555"}],"collection":[{"href":"https:\/\/imperialdetailing.lv\/en\/wp-json\/wp\/v2\/product"}],"about":[{"href":"https:\/\/imperialdetailing.lv\/en\/wp-json\/wp\/v2\/types\/product"}],"replies":[{"embeddable":true,"href":"https:\/\/imperialdetailing.lv\/en\/wp-json\/wp\/v2\/comments?post=3555"}],"wp:featuredmedia":[{"embeddable":true,"href":"https:\/\/imperialdetailing.lv\/en\/wp-json\/wp\/v2\/media\/3556"}],"wp:attachment":[{"href":"https:\/\/imperialdetailing.lv\/en\/wp-json\/wp\/v2\/media?parent=3555"}],"wp:term":[{"taxonomy":"product_cat","embeddable":true,"href":"https:\/\/imperialdetailing.lv\/en\/wp-json\/wp\/v2\/product_cat?post=3555"},{"taxonomy":"product_tag","embeddable":true,"href":"https:\/\/imperialdetailing.lv\/en\/wp-json\/wp\/v2\/product_tag?post=3555"}],"curies":[{"name":"wp","href":"https:\/\/api.w.org\/{rel}","templated":true}]}}