{"id":3601,"date":"2021-08-19T13:13:24","date_gmt":"2021-08-19T13:13:24","guid":{"rendered":"http:\/\/imperialdetailing.lv\/?post_type=product&#038;p=3601"},"modified":"2023-10-30T11:00:39","modified_gmt":"2023-10-30T11:00:39","slug":"cockpit-cleaner-bubble-milk","status":"publish","type":"product","link":"https:\/\/imperialdetailing.lv\/en\/product\/cockpit-cleaner-bubble-milk\/","title":{"rendered":"Panel cleaner - Bubble Milk"},"content":{"rendered":"<p class=\"_28cEs _30O0l\" data-hook=\"description\"><strong>How to use<\/strong>: Spray the product on the surface to be cleaned and wipe evenly with a clean cloth or spray the product directly on the cloth and clean the surface evenly.<\/p>","protected":false},"excerpt":{"rendered":"<p class=\"_28cEs _30O0l\" data-hook=\"description\">An effective tool for cleaning and caring for car interior, panels and other plastic parts. Cleanses, refreshes, deepens the color of the cleaned elements and gives a double shine. A highly scented care product with a chewing gum scent that leaves a long-lasting feeling of freshness.<\/p>","protected":false},"featured_media":3602,"comment_status":"open","ping_status":"closed","template":"","meta":[],"product_cat":[92],"product_tag":[],"acf":[],"yoast_head":"<!-- This site is optimized with the Yoast SEO plugin v19.13 - https:\/\/yoast.com\/wordpress\/plugins\/seo\/ -->\n<title>Pane\u013cu t\u012br\u012bt\u0101js - Bubble Milk - Imperial Detailing<\/title>\n<meta name=\"description\" content=\"Efekt\u012bvs l\u012bdzeklis automa\u0161\u012bnas salona, \u200b\u200bpane\u013cu un citu plastmasas deta\u013cu t\u012br\u012b\u0161anai un kop\u0161anai. Att\u012bra, atsvaidzina, padzi\u013cina t\u012br\u012bto elementu kr\u0101su un pie\u0161\u0137ir papildu sp\u012bdumu\" \/>\n<meta name=\"robots\" content=\"index, follow, max-snippet:-1, max-image-preview:large, max-video-preview:-1\" \/>\n<link rel=\"canonical\" href=\"https:\/\/imperialdetailing.lv\/en\/product\/cockpit-cleaner-bubble-milk\/\" \/>\n<meta property=\"og:locale\" content=\"en_US\" \/>\n<meta property=\"og:type\" content=\"article\" \/>\n<meta property=\"og:title\" content=\"Pane\u013cu t\u012br\u012bt\u0101js - Bubble Milk - Imperial Detailing\" \/>\n<meta property=\"og:description\" content=\"Efekt\u012bvs l\u012bdzeklis automa\u0161\u012bnas salona, \u200b\u200bpane\u013cu un citu plastmasas deta\u013cu t\u012br\u012b\u0161anai un kop\u0161anai. Att\u012bra, atsvaidzina, padzi\u013cina t\u012br\u012bto elementu kr\u0101su un pie\u0161\u0137ir papildu sp\u012bdumu\" \/>\n<meta property=\"og:url\" content=\"https:\/\/imperialdetailing.lv\/en\/product\/cockpit-cleaner-bubble-milk\/\" \/>\n<meta property=\"og:site_name\" content=\"Imperial Detailing\" \/>\n<meta property=\"article:publisher\" content=\"https:\/\/www.facebook.com\/imperialdetailing.lv\" \/>\n<meta property=\"article:modified_time\" content=\"2023-10-30T11:00:39+00:00\" \/>\n<meta property=\"og:image\" content=\"https:\/\/imperialdetailing.lv\/wp-content\/uploads\/2021\/08\/Cockpit-Cleaner-Bubble-Milk.webp\" \/>\n\t<meta property=\"og:image:width\" content=\"628\" \/>\n\t<meta property=\"og:image:height\" content=\"628\" \/>\n\t<meta property=\"og:image:type\" content=\"image\/webp\" \/>\n<meta name=\"twitter:card\" content=\"summary_large_image\" \/>\n<meta name=\"twitter:label1\" content=\"Est. reading time\" \/>\n\t<meta name=\"twitter:data1\" content=\"1 minute\" \/>\n<script type=\"application\/ld+json\" class=\"yoast-schema-graph\">{\"@context\":\"https:\/\/schema.org\",\"@graph\":[{\"@type\":\"WebPage\",\"@id\":\"https:\/\/imperialdetailing.lv\/product\/cockpit-cleaner-bubble-milk\/\",\"url\":\"https:\/\/imperialdetailing.lv\/product\/cockpit-cleaner-bubble-milk\/\",\"name\":\"Pane\u013cu t\u012br\u012bt\u0101js - Bubble Milk - Imperial Detailing\",\"isPartOf\":{\"@id\":\"https:\/\/imperialdetailing.lv\/#website\"},\"datePublished\":\"2021-08-19T13:13:24+00:00\",\"dateModified\":\"2023-10-30T11:00:39+00:00\",\"description\":\"Efekt\u012bvs l\u012bdzeklis automa\u0161\u012bnas salona, \u200b\u200bpane\u013cu un citu plastmasas deta\u013cu t\u012br\u012b\u0161anai un kop\u0161anai. Att\u012bra, atsvaidzina, padzi\u013cina t\u012br\u012bto elementu kr\u0101su un pie\u0161\u0137ir papildu sp\u012bdumu\",\"breadcrumb\":{\"@id\":\"https:\/\/imperialdetailing.lv\/product\/cockpit-cleaner-bubble-milk\/#breadcrumb\"},\"inLanguage\":\"en-US\",\"potentialAction\":[{\"@type\":\"ReadAction\",\"target\":[\"https:\/\/imperialdetailing.lv\/product\/cockpit-cleaner-bubble-milk\/\"]}]},{\"@type\":\"BreadcrumbList\",\"@id\":\"https:\/\/imperialdetailing.lv\/product\/cockpit-cleaner-bubble-milk\/#breadcrumb\",\"itemListElement\":[{\"@type\":\"ListItem\",\"position\":1,\"name\":\"Home\",\"item\":\"https:\/\/imperialdetailing.lv\/\"},{\"@type\":\"ListItem\",\"position\":2,\"name\":\"Veikals\",\"item\":\"https:\/\/imperialdetailing.lv\/veikals\/\"},{\"@type\":\"ListItem\",\"position\":3,\"name\":\"Pane\u013cu t\u012br\u012bt\u0101js &#8211; Bubble Milk\"}]},{\"@type\":\"WebSite\",\"@id\":\"https:\/\/imperialdetailing.lv\/#website\",\"url\":\"https:\/\/imperialdetailing.lv\/\",\"name\":\"Imperial Detailing\",\"description\":\"PREMIUM QUALITY CAR CLEANING PRODUCTS\",\"publisher\":{\"@id\":\"https:\/\/imperialdetailing.lv\/#organization\"},\"potentialAction\":[{\"@type\":\"SearchAction\",\"target\":{\"@type\":\"EntryPoint\",\"urlTemplate\":\"https:\/\/imperialdetailing.lv\/?s={search_term_string}\"},\"query-input\":\"required name=search_term_string\"}],\"inLanguage\":\"en-US\"},{\"@type\":\"Organization\",\"@id\":\"https:\/\/imperialdetailing.lv\/#organization\",\"name\":\"imperialdetailing.lv\",\"url\":\"https:\/\/imperialdetailing.lv\/\",\"logo\":{\"@type\":\"ImageObject\",\"inLanguage\":\"en-US\",\"@id\":\"https:\/\/imperialdetailing.lv\/#\/schema\/logo\/image\/\",\"url\":\"https:\/\/imperialdetailing.lv\/wp-content\/uploads\/2021\/08\/Imperial-Detailing-logo1-1-scaled.jpg\",\"contentUrl\":\"https:\/\/imperialdetailing.lv\/wp-content\/uploads\/2021\/08\/Imperial-Detailing-logo1-1-scaled.jpg\",\"width\":2560,\"height\":1028,\"caption\":\"imperialdetailing.lv\"},\"image\":{\"@id\":\"https:\/\/imperialdetailing.lv\/#\/schema\/logo\/image\/\"},\"sameAs\":[\"https:\/\/www.instagram.com\/imperialdetailing_riga\/\",\"https:\/\/www.facebook.com\/imperialdetailing.lv\"]}]}<\/script>\n<!-- \/ Yoast SEO plugin. -->","yoast_head_json":{"title":"Pane\u013cu t\u012br\u012bt\u0101js - Bubble Milk - Imperial Detailing","description":"Efekt\u012bvs l\u012bdzeklis automa\u0161\u012bnas salona, \u200b\u200bpane\u013cu un citu plastmasas deta\u013cu t\u012br\u012b\u0161anai un kop\u0161anai. Att\u012bra, atsvaidzina, padzi\u013cina t\u012br\u012bto elementu kr\u0101su un pie\u0161\u0137ir papildu sp\u012bdumu","robots":{"index":"index","follow":"follow","max-snippet":"max-snippet:-1","max-image-preview":"max-image-preview:large","max-video-preview":"max-video-preview:-1"},"canonical":"https:\/\/imperialdetailing.lv\/en\/product\/cockpit-cleaner-bubble-milk\/","og_locale":"en_US","og_type":"article","og_title":"Pane\u013cu t\u012br\u012bt\u0101js - Bubble Milk - Imperial Detailing","og_description":"Efekt\u012bvs l\u012bdzeklis automa\u0161\u012bnas salona, \u200b\u200bpane\u013cu un citu plastmasas deta\u013cu t\u012br\u012b\u0161anai un kop\u0161anai. Att\u012bra, atsvaidzina, padzi\u013cina t\u012br\u012bto elementu kr\u0101su un pie\u0161\u0137ir papildu sp\u012bdumu","og_url":"https:\/\/imperialdetailing.lv\/en\/product\/cockpit-cleaner-bubble-milk\/","og_site_name":"Imperial Detailing","article_publisher":"https:\/\/www.facebook.com\/imperialdetailing.lv","article_modified_time":"2023-10-30T11:00:39+00:00","og_image":[{"width":628,"height":628,"url":"https:\/\/imperialdetailing.lv\/wp-content\/uploads\/2021\/08\/Cockpit-Cleaner-Bubble-Milk.webp","type":"image\/webp"}],"twitter_card":"summary_large_image","twitter_misc":{"Est. reading time":"1 minute"},"schema":{"@context":"https:\/\/schema.org","@graph":[{"@type":"WebPage","@id":"https:\/\/imperialdetailing.lv\/product\/cockpit-cleaner-bubble-milk\/","url":"https:\/\/imperialdetailing.lv\/product\/cockpit-cleaner-bubble-milk\/","name":"Pane\u013cu t\u012br\u012bt\u0101js - Bubble Milk - Imperial Detailing","isPartOf":{"@id":"https:\/\/imperialdetailing.lv\/#website"},"datePublished":"2021-08-19T13:13:24+00:00","dateModified":"2023-10-30T11:00:39+00:00","description":"Efekt\u012bvs l\u012bdzeklis automa\u0161\u012bnas salona, \u200b\u200bpane\u013cu un citu plastmasas deta\u013cu t\u012br\u012b\u0161anai un kop\u0161anai. Att\u012bra, atsvaidzina, padzi\u013cina t\u012br\u012bto elementu kr\u0101su un pie\u0161\u0137ir papildu sp\u012bdumu","breadcrumb":{"@id":"https:\/\/imperialdetailing.lv\/product\/cockpit-cleaner-bubble-milk\/#breadcrumb"},"inLanguage":"en-US","potentialAction":[{"@type":"ReadAction","target":["https:\/\/imperialdetailing.lv\/product\/cockpit-cleaner-bubble-milk\/"]}]},{"@type":"BreadcrumbList","@id":"https:\/\/imperialdetailing.lv\/product\/cockpit-cleaner-bubble-milk\/#breadcrumb","itemListElement":[{"@type":"ListItem","position":1,"name":"Home","item":"https:\/\/imperialdetailing.lv\/"},{"@type":"ListItem","position":2,"name":"Veikals","item":"https:\/\/imperialdetailing.lv\/veikals\/"},{"@type":"ListItem","position":3,"name":"Pane\u013cu t\u012br\u012bt\u0101js &#8211; Bubble Milk"}]},{"@type":"WebSite","@id":"https:\/\/imperialdetailing.lv\/#website","url":"https:\/\/imperialdetailing.lv\/","name":"Imperial Detailing","description":"PREMIUM QUALITY CAR CLEANING PRODUCTS","publisher":{"@id":"https:\/\/imperialdetailing.lv\/#organization"},"potentialAction":[{"@type":"SearchAction","target":{"@type":"EntryPoint","urlTemplate":"https:\/\/imperialdetailing.lv\/?s={search_term_string}"},"query-input":"required name=search_term_string"}],"inLanguage":"en-US"},{"@type":"Organization","@id":"https:\/\/imperialdetailing.lv\/#organization","name":"imperialdetailing.lv","url":"https:\/\/imperialdetailing.lv\/","logo":{"@type":"ImageObject","inLanguage":"en-US","@id":"https:\/\/imperialdetailing.lv\/#\/schema\/logo\/image\/","url":"https:\/\/imperialdetailing.lv\/wp-content\/uploads\/2021\/08\/Imperial-Detailing-logo1-1-scaled.jpg","contentUrl":"https:\/\/imperialdetailing.lv\/wp-content\/uploads\/2021\/08\/Imperial-Detailing-logo1-1-scaled.jpg","width":2560,"height":1028,"caption":"imperialdetailing.lv"},"image":{"@id":"https:\/\/imperialdetailing.lv\/#\/schema\/logo\/image\/"},"sameAs":["https:\/\/www.instagram.com\/imperialdetailing_riga\/","https:\/\/www.facebook.com\/imperialdetailing.lv"]}]}},"_links":{"self":[{"href":"https:\/\/imperialdetailing.lv\/en\/wp-json\/wp\/v2\/product\/3601"}],"collection":[{"href":"https:\/\/imperialdetailing.lv\/en\/wp-json\/wp\/v2\/product"}],"about":[{"href":"https:\/\/imperialdetailing.lv\/en\/wp-json\/wp\/v2\/types\/product"}],"replies":[{"embeddable":true,"href":"https:\/\/imperialdetailing.lv\/en\/wp-json\/wp\/v2\/comments?post=3601"}],"wp:featuredmedia":[{"embeddable":true,"href":"https:\/\/imperialdetailing.lv\/en\/wp-json\/wp\/v2\/media\/3602"}],"wp:attachment":[{"href":"https:\/\/imperialdetailing.lv\/en\/wp-json\/wp\/v2\/media?parent=3601"}],"wp:term":[{"taxonomy":"product_cat","embeddable":true,"href":"https:\/\/imperialdetailing.lv\/en\/wp-json\/wp\/v2\/product_cat?post=3601"},{"taxonomy":"product_tag","embeddable":true,"href":"https:\/\/imperialdetailing.lv\/en\/wp-json\/wp\/v2\/product_tag?post=3601"}],"curies":[{"name":"wp","href":"https:\/\/api.w.org\/{rel}","templated":true}]}}